{"id":475,"date":"2023-10-17T22:55:13","date_gmt":"2023-10-17T22:55:13","guid":{"rendered":"https:\/\/7theword.org\/?page_id=475"},"modified":"2025-06-30T23:17:01","modified_gmt":"2025-06-30T23:17:01","slug":"evangelismo-publico","status":"publish","type":"page","link":"https:\/\/7theword.org\/en\/home\/evangelismo-publico\/","title":{"rendered":"Public Evangelism"},"content":{"rendered":"<section class=\"wpb-content-wrapper\"><section class=\"wpb_row vc_row-fluid\"><div class=\"container\"><div class=\"row\"><div class=\"wpb_column vc_column_container vc_col-sm-12\"><div class=\"vc_column-inner\"  ><div class=\"wpb_wrapper\"><h2 style=\"text-align: center\" class=\"vc_custom_heading\" >Public Evangelism<\/h2><\/div><\/div><\/div><\/div><\/div><\/section><section class=\"wpb_row vc_row-fluid\"><div class=\"container\"><div class=\"row\"><div class=\"wpb_column vc_column_container vc_col-sm-6\"><div class=\"vc_column-inner\"  ><div class=\"wpb_wrapper\"><div class=\"vc_empty_space\"   style=\"height: 35px\"><span class=\"vc_empty_space_inner\"><\/span><\/div>\n\t<div class=\"wpb_text_column wpb_content_element\" >\n\t\t<div class=\"wpb_wrapper\">\n\t\t\t<h4 class=\"font_8 wixui-rich-text__text\"><span class=\"color_19 wixui-rich-text__text\"><span class=\"wixui-rich-text__text\">The Word Ministries, committed with the commandment of Christ to go preach the gospel to all nation, tribe and village, has a disposition of the churches and has a series of public\nevangelism: The Prophetic Dimension, a complete cycle of evangelism full of actual biblical\ntruths that will bring peace, security, and hope to those who listen.<\/span><\/span><\/h4>\n<h4 class=\"font_8 wixui-rich-text__text\"><span class=\"color_19 wixui-rich-text__text\"><span class=\"wixui-rich-text__text\"><span class=\"wixGuard wixui-rich-text__text\">\u200b<\/span><\/span><\/span><\/h4>\n<h4 class=\"font_8 wixui-rich-text__text\"><span class=\"color_19 wixui-rich-text__text\"><span class=\"wixui-rich-text__text\">If you\u2019d like more information on how to obtain the services of public evangelism, don\u2019t\nhesitate to contact us at jc@7theword.org.<\/span><\/span><\/h4>\n<p>&nbsp;<\/p>\n<h4><strong>The Word Ministries, Public Evangelism<\/strong><\/h4>\n<h4><strong>PO Box 1231 Oregon City,<\/strong><\/h4>\n<h4><strong>OR US 97045<\/strong><\/h4>\n\n\t\t<\/div>\n\t<\/div>\n<\/div><\/div><\/div><div class=\"wpb_column vc_column_container vc_col-sm-6\"><div class=\"vc_column-inner\"  ><div class=\"wpb_wrapper\">\n\t<div  class=\"wpb_single_image wpb_content_element vc_align_left\">\n\t\t\n\t\t<figure class=\"wpb_wrapper vc_figure\">\n\t\t\t<div class=\"vc_single_image-wrapper   vc_box_border_grey\"><img loading=\"lazy\" decoding=\"async\" width=\"3838\" height=\"2156\" src=\"https:\/\/7theword.org\/wp-content\/uploads\/2023\/10\/Screen-Shot-2020-08-06-at-4.57.32-PM.png\" class=\"vc_single_image-img attachment-full\" alt=\"\" title=\"Screen Shot 2020-08-06 at 4.57.32 PM\" srcset=\"https:\/\/7theword.org\/wp-content\/uploads\/2023\/10\/Screen-Shot-2020-08-06-at-4.57.32-PM.png 3838w, https:\/\/7theword.org\/wp-content\/uploads\/2023\/10\/Screen-Shot-2020-08-06-at-4.57.32-PM-600x337.png 600w, https:\/\/7theword.org\/wp-content\/uploads\/2023\/10\/Screen-Shot-2020-08-06-at-4.57.32-PM-300x169.png 300w, https:\/\/7theword.org\/wp-content\/uploads\/2023\/10\/Screen-Shot-2020-08-06-at-4.57.32-PM-1024x575.png 1024w, https:\/\/7theword.org\/wp-content\/uploads\/2023\/10\/Screen-Shot-2020-08-06-at-4.57.32-PM-768x431.png 768w, https:\/\/7theword.org\/wp-content\/uploads\/2023\/10\/Screen-Shot-2020-08-06-at-4.57.32-PM-1536x863.png 1536w, https:\/\/7theword.org\/wp-content\/uploads\/2023\/10\/Screen-Shot-2020-08-06-at-4.57.32-PM-2048x1150.png 2048w\" sizes=\"auto, (max-width: 3838px) 100vw, 3838px\" \/><\/div>\n\t\t<\/figure>\n\t<\/div>\n<\/div><\/div><\/div><\/div><\/div><\/section><section class=\"wpb_row vc_row-fluid\"><div class=\"container\"><div class=\"row\"><div class=\"wpb_column vc_column_container vc_col-sm-12\"><div class=\"vc_column-inner\"  ><div class=\"wpb_wrapper\"><div class=\"wpb_images_carousel wpb_content_element vc_clearfix\"><div class=\"wpb_wrapper\"><div id=\"vc_images-carousel-1-1776509457\" data-ride=\"vc_carousel\" data-wrap=\"false\" style=\"width: 100%;\" data-interval=\"5000\" data-auto-height=\"yes\" data-mode=\"horizontal\" data-partial=\"false\" data-per-view=\"1\" data-hide-on-end=\"false\" class=\"vc_slide vc_images_carousel\"><ol class=\"vc_carousel-indicators\"><li data-target=\"#vc_images-carousel-1-1776509457\" data-slide-to=\"0\"><\/li><li data-target=\"#vc_images-carousel-1-1776509457\" data-slide-to=\"1\"><\/li><li data-target=\"#vc_images-carousel-1-1776509457\" data-slide-to=\"2\"><\/li><li data-target=\"#vc_images-carousel-1-1776509457\" data-slide-to=\"3\"><\/li><li data-target=\"#vc_images-carousel-1-1776509457\" data-slide-to=\"4\"><\/li><li data-target=\"#vc_images-carousel-1-1776509457\" data-slide-to=\"5\"><\/li><li data-target=\"#vc_images-carousel-1-1776509457\" data-slide-to=\"6\"><\/li><li data-target=\"#vc_images-carousel-1-1776509457\" data-slide-to=\"7\"><\/li><li data-target=\"#vc_images-carousel-1-1776509457\" data-slide-to=\"8\"><\/li><li data-target=\"#vc_images-carousel-1-1776509457\" data-slide-to=\"9\"><\/li><\/ol><div class=\"vc_carousel-inner\"><div class=\"vc_carousel-slideline\"><div class=\"vc_carousel-slideline-inner\"><div class=\"vc_item\"><div class=\"vc_inner\"><a class=\"\" href=\"https:\/\/7theword.org\/wp-content\/uploads\/2024\/01\/Imagen-de-WhatsApp-2024-01-04-a-las-15.23.19_72f86e43-1024x576.jpg\" data-lightbox=\"lightbox[rel-475-1481052982]\"><img loading=\"lazy\" decoding=\"async\" width=\"1280\" height=\"720\" src=\"https:\/\/7theword.org\/wp-content\/uploads\/2024\/01\/Imagen-de-WhatsApp-2024-01-04-a-las-15.23.19_72f86e43.jpg\" class=\"attachment-full\" alt=\"\" title=\"Imagen de WhatsApp 2024-01-04 a las 15.23.19_72f86e43\" srcset=\"https:\/\/7theword.org\/wp-content\/uploads\/2024\/01\/Imagen-de-WhatsApp-2024-01-04-a-las-15.23.19_72f86e43.jpg 1280w, https:\/\/7theword.org\/wp-content\/uploads\/2024\/01\/Imagen-de-WhatsApp-2024-01-04-a-las-15.23.19_72f86e43-600x338.jpg 600w, https:\/\/7theword.org\/wp-content\/uploads\/2024\/01\/Imagen-de-WhatsApp-2024-01-04-a-las-15.23.19_72f86e43-300x169.jpg 300w, https:\/\/7theword.org\/wp-content\/uploads\/2024\/01\/Imagen-de-WhatsApp-2024-01-04-a-las-15.23.19_72f86e43-1024x576.jpg 1024w, https:\/\/7theword.org\/wp-content\/uploads\/2024\/01\/Imagen-de-WhatsApp-2024-01-04-a-las-15.23.19_72f86e43-768x432.jpg 768w\" sizes=\"auto, (max-width: 1280px) 100vw, 1280px\" \/><\/a><\/div><\/div><div class=\"vc_item\"><div class=\"vc_inner\"><a class=\"\" href=\"https:\/\/7theword.org\/wp-content\/uploads\/2024\/01\/Imagen-de-WhatsApp-2024-01-04-a-las-15.22.24_36bfef97.jpg\" data-lightbox=\"lightbox[rel-475-1481052982]\"><img loading=\"lazy\" decoding=\"async\" width=\"1024\" height=\"768\" src=\"https:\/\/7theword.org\/wp-content\/uploads\/2024\/01\/Imagen-de-WhatsApp-2024-01-04-a-las-15.22.24_36bfef97.jpg\" class=\"attachment-full\" alt=\"\" title=\"Imagen de WhatsApp 2024-01-04 a las 15.22.24_36bfef97\" srcset=\"https:\/\/7theword.org\/wp-content\/uploads\/2024\/01\/Imagen-de-WhatsApp-2024-01-04-a-las-15.22.24_36bfef97.jpg 1024w, https:\/\/7theword.org\/wp-content\/uploads\/2024\/01\/Imagen-de-WhatsApp-2024-01-04-a-las-15.22.24_36bfef97-600x450.jpg 600w, https:\/\/7theword.org\/wp-content\/uploads\/2024\/01\/Imagen-de-WhatsApp-2024-01-04-a-las-15.22.24_36bfef97-300x225.jpg 300w, https:\/\/7theword.org\/wp-content\/uploads\/2024\/01\/Imagen-de-WhatsApp-2024-01-04-a-las-15.22.24_36bfef97-768x576.jpg 768w, https:\/\/7theword.org\/wp-content\/uploads\/2024\/01\/Imagen-de-WhatsApp-2024-01-04-a-las-15.22.24_36bfef97-640x480.jpg 640w\" sizes=\"auto, (max-width: 1024px) 100vw, 1024px\" \/><\/a><\/div><\/div><div class=\"vc_item\"><div class=\"vc_inner\"><a class=\"\" href=\"https:\/\/7theword.org\/wp-content\/uploads\/2024\/01\/Imagen-de-WhatsApp-2024-01-04-a-las-15.18.56_95eabba9.jpg\" data-lightbox=\"lightbox[rel-475-1481052982]\"><img loading=\"lazy\" decoding=\"async\" width=\"1024\" height=\"768\" src=\"https:\/\/7theword.org\/wp-content\/uploads\/2024\/01\/Imagen-de-WhatsApp-2024-01-04-a-las-15.18.56_95eabba9.jpg\" class=\"attachment-full\" alt=\"\" title=\"Imagen de WhatsApp 2024-01-04 a las 15.18.56_95eabba9\" srcset=\"https:\/\/7theword.org\/wp-content\/uploads\/2024\/01\/Imagen-de-WhatsApp-2024-01-04-a-las-15.18.56_95eabba9.jpg 1024w, https:\/\/7theword.org\/wp-content\/uploads\/2024\/01\/Imagen-de-WhatsApp-2024-01-04-a-las-15.18.56_95eabba9-600x450.jpg 600w, https:\/\/7theword.org\/wp-content\/uploads\/2024\/01\/Imagen-de-WhatsApp-2024-01-04-a-las-15.18.56_95eabba9-300x225.jpg 300w, https:\/\/7theword.org\/wp-content\/uploads\/2024\/01\/Imagen-de-WhatsApp-2024-01-04-a-las-15.18.56_95eabba9-768x576.jpg 768w, https:\/\/7theword.org\/wp-content\/uploads\/2024\/01\/Imagen-de-WhatsApp-2024-01-04-a-las-15.18.56_95eabba9-640x480.jpg 640w\" sizes=\"auto, (max-width: 1024px) 100vw, 1024px\" \/><\/a><\/div><\/div><div class=\"vc_item\"><div class=\"vc_inner\"><a class=\"\" href=\"https:\/\/7theword.org\/wp-content\/uploads\/2023\/10\/Screen-Shot-2020-08-06-at-4.58_edited-1024x589.jpg\" data-lightbox=\"lightbox[rel-475-1481052982]\"><img loading=\"lazy\" decoding=\"async\" width=\"2560\" height=\"1473\" src=\"https:\/\/7theword.org\/wp-content\/uploads\/2023\/10\/Screen-Shot-2020-08-06-at-4.58_edited-scaled.jpg\" class=\"attachment-full\" alt=\"\" title=\"Screen Shot 2020-08-06 at 4.58_edited\" srcset=\"https:\/\/7theword.org\/wp-content\/uploads\/2023\/10\/Screen-Shot-2020-08-06-at-4.58_edited-scaled.jpg 2560w, https:\/\/7theword.org\/wp-content\/uploads\/2023\/10\/Screen-Shot-2020-08-06-at-4.58_edited-scaled-600x345.jpg 600w, https:\/\/7theword.org\/wp-content\/uploads\/2023\/10\/Screen-Shot-2020-08-06-at-4.58_edited-300x173.jpg 300w, https:\/\/7theword.org\/wp-content\/uploads\/2023\/10\/Screen-Shot-2020-08-06-at-4.58_edited-1024x589.jpg 1024w, https:\/\/7theword.org\/wp-content\/uploads\/2023\/10\/Screen-Shot-2020-08-06-at-4.58_edited-768x442.jpg 768w, https:\/\/7theword.org\/wp-content\/uploads\/2023\/10\/Screen-Shot-2020-08-06-at-4.58_edited-1536x884.jpg 1536w, https:\/\/7theword.org\/wp-content\/uploads\/2023\/10\/Screen-Shot-2020-08-06-at-4.58_edited-2048x1178.jpg 2048w\" sizes=\"auto, (max-width: 2560px) 100vw, 2560px\" \/><\/a><\/div><\/div><div class=\"vc_item\"><div class=\"vc_inner\"><a class=\"\" href=\"https:\/\/7theword.org\/wp-content\/uploads\/2023\/10\/Screen-Shot-2020-08-06-at-5.02.58-PM-1024x576.png\" data-lightbox=\"lightbox[rel-475-1481052982]\"><img loading=\"lazy\" decoding=\"async\" width=\"3840\" height=\"2160\" src=\"https:\/\/7theword.org\/wp-content\/uploads\/2023\/10\/Screen-Shot-2020-08-06-at-5.02.58-PM.png\" class=\"attachment-full\" alt=\"\" title=\"Screen Shot 2020-08-06 at 5.02.58 PM\" srcset=\"https:\/\/7theword.org\/wp-content\/uploads\/2023\/10\/Screen-Shot-2020-08-06-at-5.02.58-PM.png 3840w, https:\/\/7theword.org\/wp-content\/uploads\/2023\/10\/Screen-Shot-2020-08-06-at-5.02.58-PM-600x338.png 600w, https:\/\/7theword.org\/wp-content\/uploads\/2023\/10\/Screen-Shot-2020-08-06-at-5.02.58-PM-300x169.png 300w, https:\/\/7theword.org\/wp-content\/uploads\/2023\/10\/Screen-Shot-2020-08-06-at-5.02.58-PM-1024x576.png 1024w, https:\/\/7theword.org\/wp-content\/uploads\/2023\/10\/Screen-Shot-2020-08-06-at-5.02.58-PM-768x432.png 768w, https:\/\/7theword.org\/wp-content\/uploads\/2023\/10\/Screen-Shot-2020-08-06-at-5.02.58-PM-1536x864.png 1536w, https:\/\/7theword.org\/wp-content\/uploads\/2023\/10\/Screen-Shot-2020-08-06-at-5.02.58-PM-2048x1152.png 2048w\" sizes=\"auto, (max-width: 3840px) 100vw, 3840px\" \/><\/a><\/div><\/div><div class=\"vc_item\"><div class=\"vc_inner\"><a class=\"\" href=\"https:\/\/7theword.org\/wp-content\/uploads\/2023\/10\/Screen-Shot-2020-08-06-at-4.57.32-PM-1024x575.png\" data-lightbox=\"lightbox[rel-475-1481052982]\"><img loading=\"lazy\" decoding=\"async\" width=\"3838\" height=\"2156\" src=\"https:\/\/7theword.org\/wp-content\/uploads\/2023\/10\/Screen-Shot-2020-08-06-at-4.57.32-PM.png\" class=\"attachment-full\" alt=\"\" title=\"Screen Shot 2020-08-06 at 4.57.32 PM\" srcset=\"https:\/\/7theword.org\/wp-content\/uploads\/2023\/10\/Screen-Shot-2020-08-06-at-4.57.32-PM.png 3838w, https:\/\/7theword.org\/wp-content\/uploads\/2023\/10\/Screen-Shot-2020-08-06-at-4.57.32-PM-600x337.png 600w, https:\/\/7theword.org\/wp-content\/uploads\/2023\/10\/Screen-Shot-2020-08-06-at-4.57.32-PM-300x169.png 300w, https:\/\/7theword.org\/wp-content\/uploads\/2023\/10\/Screen-Shot-2020-08-06-at-4.57.32-PM-1024x575.png 1024w, https:\/\/7theword.org\/wp-content\/uploads\/2023\/10\/Screen-Shot-2020-08-06-at-4.57.32-PM-768x431.png 768w, https:\/\/7theword.org\/wp-content\/uploads\/2023\/10\/Screen-Shot-2020-08-06-at-4.57.32-PM-1536x863.png 1536w, https:\/\/7theword.org\/wp-content\/uploads\/2023\/10\/Screen-Shot-2020-08-06-at-4.57.32-PM-2048x1150.png 2048w\" sizes=\"auto, (max-width: 3838px) 100vw, 3838px\" \/><\/a><\/div><\/div><div class=\"vc_item\"><div class=\"vc_inner\"><a class=\"\" href=\"https:\/\/7theword.org\/wp-content\/uploads\/2023\/10\/IMG_BA3F02908B0C-1-1024x599.jpeg\" data-lightbox=\"lightbox[rel-475-1481052982]\"><img loading=\"lazy\" decoding=\"async\" width=\"1242\" height=\"727\" src=\"https:\/\/7theword.org\/wp-content\/uploads\/2023\/10\/IMG_BA3F02908B0C-1.jpeg\" class=\"attachment-full\" alt=\"\" title=\"IMG_BA3F02908B0C-1\" srcset=\"https:\/\/7theword.org\/wp-content\/uploads\/2023\/10\/IMG_BA3F02908B0C-1.jpeg 1242w, https:\/\/7theword.org\/wp-content\/uploads\/2023\/10\/IMG_BA3F02908B0C-1-600x351.jpeg 600w, https:\/\/7theword.org\/wp-content\/uploads\/2023\/10\/IMG_BA3F02908B0C-1-300x176.jpeg 300w, https:\/\/7theword.org\/wp-content\/uploads\/2023\/10\/IMG_BA3F02908B0C-1-1024x599.jpeg 1024w, https:\/\/7theword.org\/wp-content\/uploads\/2023\/10\/IMG_BA3F02908B0C-1-768x450.jpeg 768w\" sizes=\"auto, (max-width: 1242px) 100vw, 1242px\" \/><\/a><\/div><\/div><div class=\"vc_item\"><div class=\"vc_inner\"><a class=\"\" href=\"https:\/\/7theword.org\/wp-content\/uploads\/2023\/10\/IMG_4D1145D13F96-1-1024x473.jpeg\" data-lightbox=\"lightbox[rel-475-1481052982]\"><img loading=\"lazy\" decoding=\"async\" width=\"2560\" height=\"1183\" src=\"https:\/\/7theword.org\/wp-content\/uploads\/2023\/10\/IMG_4D1145D13F96-1-scaled.jpeg\" class=\"attachment-full\" alt=\"\" title=\"IMG_4D1145D13F96-1\" srcset=\"https:\/\/7theword.org\/wp-content\/uploads\/2023\/10\/IMG_4D1145D13F96-1-scaled.jpeg 2560w, https:\/\/7theword.org\/wp-content\/uploads\/2023\/10\/IMG_4D1145D13F96-1-scaled-600x277.jpeg 600w, https:\/\/7theword.org\/wp-content\/uploads\/2023\/10\/IMG_4D1145D13F96-1-300x139.jpeg 300w, https:\/\/7theword.org\/wp-content\/uploads\/2023\/10\/IMG_4D1145D13F96-1-1024x473.jpeg 1024w, https:\/\/7theword.org\/wp-content\/uploads\/2023\/10\/IMG_4D1145D13F96-1-768x355.jpeg 768w, https:\/\/7theword.org\/wp-content\/uploads\/2023\/10\/IMG_4D1145D13F96-1-1536x710.jpeg 1536w, https:\/\/7theword.org\/wp-content\/uploads\/2023\/10\/IMG_4D1145D13F96-1-2048x946.jpeg 2048w\" sizes=\"auto, (max-width: 2560px) 100vw, 2560px\" \/><\/a><\/div><\/div><div class=\"vc_item\"><div class=\"vc_inner\"><a class=\"\" href=\"https:\/\/7theword.org\/wp-content\/uploads\/2024\/01\/Imagen-de-WhatsApp-2024-01-04-a-las-15.21.33_d64a2148-1024x768.jpg\" data-lightbox=\"lightbox[rel-475-1481052982]\"><img loading=\"lazy\" decoding=\"async\" width=\"1600\" height=\"1200\" src=\"https:\/\/7theword.org\/wp-content\/uploads\/2024\/01\/Imagen-de-WhatsApp-2024-01-04-a-las-15.21.33_d64a2148.jpg\" class=\"attachment-full\" alt=\"\" title=\"Imagen de WhatsApp 2024-01-04 a las 15.21.33_d64a2148\" srcset=\"https:\/\/7theword.org\/wp-content\/uploads\/2024\/01\/Imagen-de-WhatsApp-2024-01-04-a-las-15.21.33_d64a2148.jpg 1600w, https:\/\/7theword.org\/wp-content\/uploads\/2024\/01\/Imagen-de-WhatsApp-2024-01-04-a-las-15.21.33_d64a2148-600x450.jpg 600w, https:\/\/7theword.org\/wp-content\/uploads\/2024\/01\/Imagen-de-WhatsApp-2024-01-04-a-las-15.21.33_d64a2148-300x225.jpg 300w, https:\/\/7theword.org\/wp-content\/uploads\/2024\/01\/Imagen-de-WhatsApp-2024-01-04-a-las-15.21.33_d64a2148-1024x768.jpg 1024w, https:\/\/7theword.org\/wp-content\/uploads\/2024\/01\/Imagen-de-WhatsApp-2024-01-04-a-las-15.21.33_d64a2148-768x576.jpg 768w, https:\/\/7theword.org\/wp-content\/uploads\/2024\/01\/Imagen-de-WhatsApp-2024-01-04-a-las-15.21.33_d64a2148-1536x1152.jpg 1536w, https:\/\/7theword.org\/wp-content\/uploads\/2024\/01\/Imagen-de-WhatsApp-2024-01-04-a-las-15.21.33_d64a2148-640x480.jpg 640w\" sizes=\"auto, (max-width: 1600px) 100vw, 1600px\" \/><\/a><\/div><\/div><div class=\"vc_item\"><div class=\"vc_inner\"><a class=\"\" href=\"https:\/\/7theword.org\/wp-content\/uploads\/2024\/01\/Imagen-de-WhatsApp-2024-01-04-a-las-15.20.50_be0b8e92.jpg\" data-lightbox=\"lightbox[rel-475-1481052982]\"><img loading=\"lazy\" decoding=\"async\" width=\"1024\" height=\"768\" src=\"https:\/\/7theword.org\/wp-content\/uploads\/2024\/01\/Imagen-de-WhatsApp-2024-01-04-a-las-15.20.50_be0b8e92.jpg\" class=\"attachment-full\" alt=\"\" title=\"Imagen de WhatsApp 2024-01-04 a las 15.20.50_be0b8e92\" srcset=\"https:\/\/7theword.org\/wp-content\/uploads\/2024\/01\/Imagen-de-WhatsApp-2024-01-04-a-las-15.20.50_be0b8e92.jpg 1024w, https:\/\/7theword.org\/wp-content\/uploads\/2024\/01\/Imagen-de-WhatsApp-2024-01-04-a-las-15.20.50_be0b8e92-600x450.jpg 600w, https:\/\/7theword.org\/wp-content\/uploads\/2024\/01\/Imagen-de-WhatsApp-2024-01-04-a-las-15.20.50_be0b8e92-300x225.jpg 300w, https:\/\/7theword.org\/wp-content\/uploads\/2024\/01\/Imagen-de-WhatsApp-2024-01-04-a-las-15.20.50_be0b8e92-768x576.jpg 768w, https:\/\/7theword.org\/wp-content\/uploads\/2024\/01\/Imagen-de-WhatsApp-2024-01-04-a-las-15.20.50_be0b8e92-640x480.jpg 640w\" sizes=\"auto, (max-width: 1024px) 100vw, 1024px\" \/><\/a><\/div><\/div><\/div><\/div><\/div><a class=\"vc_left vc_carousel-control\" href=\"#vc_images-carousel-1-1776509457\" data-slide=\"prev\"><span class=\"icon-prev\"><\/span><\/a><a class=\"vc_right vc_carousel-control\" href=\"#vc_images-carousel-1-1776509457\" data-slide=\"next\"><span class=\"icon-next\"><\/span><\/a><\/div><\/div><\/div><\/div><\/div><\/div><\/div><\/div><\/section>\n<\/section>","protected":false},"excerpt":{"rendered":"Evangelismo P\u00fablico El Ministerio La Palabra, comprometido con la orden de Cristo para ir a predicar el Evangelio a toda naci\u00f3n, tribu y pueblo, tiene a disposici\u00f3n de las iglesias [...]","protected":false},"author":1,"featured_media":480,"parent":57,"menu_order":0,"comment_status":"closed","ping_status":"closed","template":"page-templates\/template-fullwidth.php","meta":{"footnotes":""},"class_list":["post-475","page","type-page","status-publish","has-post-thumbnail","hentry"],"_links":{"self":[{"href":"https:\/\/7theword.org\/en\/wp-json\/wp\/v2\/pages\/475","targetHints":{"allow":["GET"]}}],"collection":[{"href":"https:\/\/7theword.org\/en\/wp-json\/wp\/v2\/pages"}],"about":[{"href":"https:\/\/7theword.org\/en\/wp-json\/wp\/v2\/types\/page"}],"author":[{"embeddable":true,"href":"https:\/\/7theword.org\/en\/wp-json\/wp\/v2\/users\/1"}],"replies":[{"embeddable":true,"href":"https:\/\/7theword.org\/en\/wp-json\/wp\/v2\/comments?post=475"}],"version-history":[{"count":14,"href":"https:\/\/7theword.org\/en\/wp-json\/wp\/v2\/pages\/475\/revisions"}],"predecessor-version":[{"id":859,"href":"https:\/\/7theword.org\/en\/wp-json\/wp\/v2\/pages\/475\/revisions\/859"}],"up":[{"embeddable":true,"href":"https:\/\/7theword.org\/en\/wp-json\/wp\/v2\/pages\/57"}],"wp:featuredmedia":[{"embeddable":true,"href":"https:\/\/7theword.org\/en\/wp-json\/wp\/v2\/media\/480"}],"wp:attachment":[{"href":"https:\/\/7theword.org\/en\/wp-json\/wp\/v2\/media?parent=475"}],"curies":[{"name":"wp","href":"https:\/\/api.w.org\/{rel}","templated":true}]}}