{"id":467,"date":"2023-10-17T22:40:45","date_gmt":"2023-10-17T22:40:45","guid":{"rendered":"https:\/\/7theword.org\/?page_id=467"},"modified":"2025-08-01T17:59:34","modified_gmt":"2025-08-01T17:59:34","slug":"television-y-radio","status":"publish","type":"page","link":"https:\/\/7theword.org\/en\/home\/television-y-radio\/","title":{"rendered":"Television &amp; Radio"},"content":{"rendered":"<section class=\"wpb-content-wrapper\"><section class=\"wpb_row vc_row-fluid\"><div class=\"container\"><div class=\"row\"><div class=\"wpb_column vc_column_container vc_col-sm-12\"><div class=\"vc_column-inner\"  ><div class=\"wpb_wrapper\"><h2 style=\"text-align: center\" class=\"vc_custom_heading\" >Television &amp; Radio<\/h2><\/div><\/div><\/div><\/div><\/div><\/section><section class=\"wpb_row vc_row-fluid\"><div class=\"container\"><div class=\"row\"><div class=\"wpb_column vc_column_container vc_col-sm-6\"><div class=\"vc_column-inner\"  ><div class=\"wpb_wrapper\"><div class=\"vc_empty_space\"   style=\"height: 25px\"><span class=\"vc_empty_space_inner\"><\/span><\/div>\n\t<div class=\"wpb_text_column wpb_content_element\" >\n\t\t<div class=\"wpb_wrapper\">\n\t\t\t<h4 class=\"font_8 wixui-rich-text__text\"><span class=\"color_19 wixui-rich-text__text\"><span class=\"wixui-rich-text__text\">The Word Ministries offers an ample programming in its channel 7LaPalabra TV. We broadcast family content, bible studies, health tips, elevating music,\u00a0and\u00a0much\u00a0more.<\/span><\/span><\/h4>\n<h4 class=\"font_8 wixui-rich-text__text\"><span class=\"color_19 wixui-rich-text__text\"><span class=\"wixui-rich-text__text\"><span class=\"wixGuard wixui-rich-text__text\">\u200b<\/span><\/span><\/span><\/h4>\n<h4 class=\"font_8 wixui-rich-text__text\"><span class=\"color_19 wixui-rich-text__text\"><span class=\"wixui-rich-text__text\">Six months ago we received the opportunity to partner with radio Siloe an SDA non profit radio station based in Alajuela, Costa Rica. Radio Siloe is a 24\/7 Spanish language broadcasting Christian network proclaiming the word in harmony with the principles of the Seventh Day Adventist\u00a0church.<\/span><\/span><\/h4>\n<h4>Listen to us on <a href=\"https:\/\/www.radiosiloecostarica.com\/\">Radio Silo\u00e9 Costa Rica<\/a><\/h4>\n\n\t\t<\/div>\n\t<\/div>\n<\/div><\/div><\/div><div class=\"wpb_column vc_column_container vc_col-sm-6\"><div class=\"vc_column-inner\"  ><div class=\"wpb_wrapper\">\n\t<div  class=\"wpb_single_image wpb_content_element vc_align_left\">\n\t\t\n\t\t<figure class=\"wpb_wrapper vc_figure\">\n\t\t\t<div class=\"vc_single_image-wrapper   vc_box_border_grey\"><img loading=\"lazy\" decoding=\"async\" width=\"1600\" height=\"900\" src=\"https:\/\/7theword.org\/wp-content\/uploads\/2025\/07\/Imagen-de-WhatsApp-2025-07-01-a-las-10.54.29_dd6f657a.jpg\" class=\"vc_single_image-img attachment-full\" alt=\"\" title=\"Imagen de WhatsApp 2025-07-01 a las 10.54.29_dd6f657a\" srcset=\"https:\/\/7theword.org\/wp-content\/uploads\/2025\/07\/Imagen-de-WhatsApp-2025-07-01-a-las-10.54.29_dd6f657a.jpg 1600w, https:\/\/7theword.org\/wp-content\/uploads\/2025\/07\/Imagen-de-WhatsApp-2025-07-01-a-las-10.54.29_dd6f657a-300x169.jpg 300w, https:\/\/7theword.org\/wp-content\/uploads\/2025\/07\/Imagen-de-WhatsApp-2025-07-01-a-las-10.54.29_dd6f657a-1024x576.jpg 1024w, https:\/\/7theword.org\/wp-content\/uploads\/2025\/07\/Imagen-de-WhatsApp-2025-07-01-a-las-10.54.29_dd6f657a-768x432.jpg 768w, https:\/\/7theword.org\/wp-content\/uploads\/2025\/07\/Imagen-de-WhatsApp-2025-07-01-a-las-10.54.29_dd6f657a-1536x864.jpg 1536w, https:\/\/7theword.org\/wp-content\/uploads\/2025\/07\/Imagen-de-WhatsApp-2025-07-01-a-las-10.54.29_dd6f657a-18x10.jpg 18w, https:\/\/7theword.org\/wp-content\/uploads\/2025\/07\/Imagen-de-WhatsApp-2025-07-01-a-las-10.54.29_dd6f657a-1320x743.jpg 1320w, https:\/\/7theword.org\/wp-content\/uploads\/2025\/07\/Imagen-de-WhatsApp-2025-07-01-a-las-10.54.29_dd6f657a-600x338.jpg 600w\" sizes=\"auto, (max-width: 1600px) 100vw, 1600px\" \/><\/div>\n\t\t<\/figure>\n\t<\/div>\n<\/div><\/div><\/div><\/div><\/div><\/section><section class=\"wpb_row vc_row-fluid\"><div class=\"container\"><div class=\"row\"><div class=\"wpb_column vc_column_container vc_col-sm-3\"><div class=\"vc_column-inner\"  ><div class=\"wpb_wrapper\">\n\t<div  class=\"wpb_single_image wpb_content_element vc_align_center\">\n\t\t\n\t\t<figure class=\"wpb_wrapper vc_figure\">\n\t\t\t<a class=\"\" data-lightbox=\"lightbox[rel-467-20431767]\" href=\"https:\/\/7theword.org\/wp-content\/uploads\/2025\/08\/408470625_122125379498051331_5786241333345522919_n-1024x682.jpg\" target=\"_self\"><img loading=\"lazy\" decoding=\"async\" class=\"vc_single_image-img\" src=\"https:\/\/7theword.org\/wp-content\/uploads\/2025\/08\/408470625_122125379498051331_5786241333345522919_n-400x200.jpg\" width=\"400\" height=\"200\" alt=\"408470625_122125379498051331_5786241333345522919_n\" title=\"408470625_122125379498051331_5786241333345522919_n\" \/><\/a>\n\t\t<\/figure>\n\t<\/div>\n\n\t<div  class=\"wpb_single_image wpb_content_element vc_align_center\">\n\t\t\n\t\t<figure class=\"wpb_wrapper vc_figure\">\n\t\t\t<a class=\"\" data-lightbox=\"lightbox[rel-467-4077337778]\" href=\"https:\/\/7theword.org\/wp-content\/uploads\/2025\/07\/Imagen-de-WhatsApp-2025-07-01-a-las-10.23.56_1a1a4252-1024x768.jpg\" target=\"_self\"><img loading=\"lazy\" decoding=\"async\" class=\"vc_single_image-img\" src=\"https:\/\/7theword.org\/wp-content\/uploads\/2025\/07\/Imagen-de-WhatsApp-2025-07-01-a-las-10.23.56_1a1a4252-400x200.jpg\" width=\"400\" height=\"200\" alt=\"Imagen de WhatsApp 2025-07-01 a las 10.23.56_1a1a4252\" title=\"Imagen de WhatsApp 2025-07-01 a las 10.23.56_1a1a4252\" \/><\/a>\n\t\t<\/figure>\n\t<\/div>\n\n\t<div  class=\"wpb_single_image wpb_content_element vc_align_center\">\n\t\t\n\t\t<figure class=\"wpb_wrapper vc_figure\">\n\t\t\t<a class=\"\" data-lightbox=\"lightbox[rel-467-1914837065]\" href=\"https:\/\/7theword.org\/wp-content\/uploads\/2025\/07\/Imagen-de-WhatsApp-2025-07-01-a-las-10.27.03_f9078df6-1024x768.jpg\" target=\"_self\"><img loading=\"lazy\" decoding=\"async\" class=\"vc_single_image-img\" src=\"https:\/\/7theword.org\/wp-content\/uploads\/2025\/07\/Imagen-de-WhatsApp-2025-07-01-a-las-10.27.03_f9078df6-400x200.jpg\" width=\"400\" height=\"200\" alt=\"Imagen de WhatsApp 2025-07-01 a las 10.27.03_f9078df6\" title=\"Imagen de WhatsApp 2025-07-01 a las 10.27.03_f9078df6\" \/><\/a>\n\t\t<\/figure>\n\t<\/div>\n<\/div><\/div><\/div><div class=\"wpb_column vc_column_container vc_col-sm-3\"><div class=\"vc_column-inner\"  ><div class=\"wpb_wrapper\">\n\t<div  class=\"wpb_single_image wpb_content_element vc_align_center\">\n\t\t\n\t\t<figure class=\"wpb_wrapper vc_figure\">\n\t\t\t<a class=\"\" data-lightbox=\"lightbox[rel-467-4083266137]\" href=\"https:\/\/7theword.org\/wp-content\/uploads\/2025\/07\/Imagen-de-WhatsApp-2025-07-01-a-las-10.24.26_40d988f1-1024x768.jpg\" target=\"_self\"><img loading=\"lazy\" decoding=\"async\" class=\"vc_single_image-img\" src=\"https:\/\/7theword.org\/wp-content\/uploads\/2025\/07\/Imagen-de-WhatsApp-2025-07-01-a-las-10.24.26_40d988f1-400x200.jpg\" width=\"400\" height=\"200\" alt=\"Imagen de WhatsApp 2025-07-01 a las 10.24.26_40d988f1\" title=\"Imagen de WhatsApp 2025-07-01 a las 10.24.26_40d988f1\" \/><\/a>\n\t\t<\/figure>\n\t<\/div>\n\n\t<div  class=\"wpb_single_image wpb_content_element vc_align_center\">\n\t\t\n\t\t<figure class=\"wpb_wrapper vc_figure\">\n\t\t\t<a class=\"\" data-lightbox=\"lightbox[rel-467-2700223695]\" href=\"https:\/\/7theword.org\/wp-content\/uploads\/2025\/07\/Imagen-de-WhatsApp-2025-07-01-a-las-10.51.23_fc8e53b4-1024x576.jpg\" target=\"_self\"><img loading=\"lazy\" decoding=\"async\" class=\"vc_single_image-img\" src=\"https:\/\/7theword.org\/wp-content\/uploads\/2025\/07\/Imagen-de-WhatsApp-2025-07-01-a-las-10.51.23_fc8e53b4-400x200.jpg\" width=\"400\" height=\"200\" alt=\"Imagen de WhatsApp 2025-07-01 a las 10.51.23_fc8e53b4\" title=\"Imagen de WhatsApp 2025-07-01 a las 10.51.23_fc8e53b4\" \/><\/a>\n\t\t<\/figure>\n\t<\/div>\n\n\t<div  class=\"wpb_single_image wpb_content_element vc_align_center\">\n\t\t\n\t\t<figure class=\"wpb_wrapper vc_figure\">\n\t\t\t<a class=\"\" data-lightbox=\"lightbox[rel-467-319210671]\" href=\"https:\/\/7theword.org\/wp-content\/uploads\/2025\/07\/Imagen-de-WhatsApp-2025-07-01-a-las-11.01.50_0d44b0d7-1024x576.jpg\" target=\"_self\"><img loading=\"lazy\" decoding=\"async\" class=\"vc_single_image-img\" src=\"https:\/\/7theword.org\/wp-content\/uploads\/2025\/07\/Imagen-de-WhatsApp-2025-07-01-a-las-11.01.50_0d44b0d7-400x200.jpg\" width=\"400\" height=\"200\" alt=\"Imagen de WhatsApp 2025-07-01 a las 11.01.50_0d44b0d7\" title=\"Imagen de WhatsApp 2025-07-01 a las 11.01.50_0d44b0d7\" \/><\/a>\n\t\t<\/figure>\n\t<\/div>\n<\/div><\/div><\/div><div class=\"wpb_column vc_column_container vc_col-sm-3\"><div class=\"vc_column-inner\"  ><div class=\"wpb_wrapper\">\n\t<div  class=\"wpb_single_image wpb_content_element vc_align_center\">\n\t\t\n\t\t<figure class=\"wpb_wrapper vc_figure\">\n\t\t\t<a class=\"\" data-lightbox=\"lightbox[rel-467-768863809]\" href=\"https:\/\/7theword.org\/wp-content\/uploads\/2025\/07\/Imagen-de-WhatsApp-2025-07-01-a-las-10.27.01_04da253f-1024x768.jpg\" target=\"_self\"><img loading=\"lazy\" decoding=\"async\" class=\"vc_single_image-img\" src=\"https:\/\/7theword.org\/wp-content\/uploads\/2025\/07\/Imagen-de-WhatsApp-2025-07-01-a-las-10.27.01_04da253f-400x200.jpg\" width=\"400\" height=\"200\" alt=\"Imagen de WhatsApp 2025-07-01 a las 10.27.01_04da253f\" title=\"Imagen de WhatsApp 2025-07-01 a las 10.27.01_04da253f\" \/><\/a>\n\t\t<\/figure>\n\t<\/div>\n\n\t<div  class=\"wpb_single_image wpb_content_element vc_align_center\">\n\t\t\n\t\t<figure class=\"wpb_wrapper vc_figure\">\n\t\t\t<a class=\"\" data-lightbox=\"lightbox[rel-467-1241346511]\" href=\"https:\/\/7theword.org\/wp-content\/uploads\/2025\/07\/Imagen-de-WhatsApp-2025-07-01-a-las-10.54.29_dd6f657a-1024x576.jpg\" target=\"_self\"><img loading=\"lazy\" decoding=\"async\" class=\"vc_single_image-img\" src=\"https:\/\/7theword.org\/wp-content\/uploads\/2025\/07\/Imagen-de-WhatsApp-2025-07-01-a-las-10.54.29_dd6f657a-400x200.jpg\" width=\"400\" height=\"200\" alt=\"Imagen de WhatsApp 2025-07-01 a las 10.54.29_dd6f657a\" title=\"Imagen de WhatsApp 2025-07-01 a las 10.54.29_dd6f657a\" \/><\/a>\n\t\t<\/figure>\n\t<\/div>\n\n\t<div  class=\"wpb_single_image wpb_content_element vc_align_center\">\n\t\t\n\t\t<figure class=\"wpb_wrapper vc_figure\">\n\t\t\t<a class=\"\" data-lightbox=\"lightbox[rel-467-385912542]\" href=\"https:\/\/7theword.org\/wp-content\/uploads\/2025\/07\/Imagen-de-WhatsApp-2025-07-01-a-las-10.58.45_ad5e936a-576x1024.jpg\" target=\"_self\"><img loading=\"lazy\" decoding=\"async\" class=\"vc_single_image-img\" src=\"https:\/\/7theword.org\/wp-content\/uploads\/2025\/07\/Imagen-de-WhatsApp-2025-07-01-a-las-10.58.45_ad5e936a-400x200.jpg\" width=\"400\" height=\"200\" alt=\"Imagen de WhatsApp 2025-07-01 a las 10.58.45_ad5e936a\" title=\"Imagen de WhatsApp 2025-07-01 a las 10.58.45_ad5e936a\" \/><\/a>\n\t\t<\/figure>\n\t<\/div>\n<\/div><\/div><\/div><div class=\"wpb_column vc_column_container vc_col-sm-3\"><div class=\"vc_column-inner\"  ><div class=\"wpb_wrapper\">\n\t<div  class=\"wpb_single_image wpb_content_element vc_align_center\">\n\t\t\n\t\t<figure class=\"wpb_wrapper vc_figure\">\n\t\t\t<a class=\"\" data-lightbox=\"lightbox[rel-467-2721121202]\" href=\"https:\/\/7theword.org\/wp-content\/uploads\/2025\/07\/Imagen-de-WhatsApp-2025-07-01-a-las-10.27.02_c912913b-1024x768.jpg\" target=\"_self\"><img loading=\"lazy\" decoding=\"async\" class=\"vc_single_image-img\" src=\"https:\/\/7theword.org\/wp-content\/uploads\/2025\/07\/Imagen-de-WhatsApp-2025-07-01-a-las-10.27.02_c912913b-400x200.jpg\" width=\"400\" height=\"200\" alt=\"Imagen de WhatsApp 2025-07-01 a las 10.27.02_c912913b\" title=\"Imagen de WhatsApp 2025-07-01 a las 10.27.02_c912913b\" \/><\/a>\n\t\t<\/figure>\n\t<\/div>\n\n\t<div  class=\"wpb_single_image wpb_content_element vc_align_center\">\n\t\t\n\t\t<figure class=\"wpb_wrapper vc_figure\">\n\t\t\t<a class=\"\" data-lightbox=\"lightbox[rel-467-4251201373]\" href=\"https:\/\/7theword.org\/wp-content\/uploads\/2025\/07\/Imagen-de-WhatsApp-2025-07-01-a-las-10.58.45_261ce498-576x1024.jpg\" target=\"_self\"><img loading=\"lazy\" decoding=\"async\" class=\"vc_single_image-img\" src=\"https:\/\/7theword.org\/wp-content\/uploads\/2025\/07\/Imagen-de-WhatsApp-2025-07-01-a-las-10.58.45_261ce498-400x200.jpg\" width=\"400\" height=\"200\" alt=\"Imagen de WhatsApp 2025-07-01 a las 10.58.45_261ce498\" title=\"Imagen de WhatsApp 2025-07-01 a las 10.58.45_261ce498\" \/><\/a>\n\t\t<\/figure>\n\t<\/div>\n<\/div><\/div><\/div><\/div><\/div><\/section>\n<\/section>","protected":false},"excerpt":{"rendered":"Televisi\u00f3n y Radio El Ministerio La Palabra ofrece una amplia programaci\u00f3n en su canal 7LaPalabra TV Latino: familia, estudio de la Biblia, consejos de salud, m\u00fasica elevadora y mucho m\u00e1s. [...]","protected":false},"author":1,"featured_media":468,"parent":57,"menu_order":0,"comment_status":"closed","ping_status":"closed","template":"page-templates\/template-fullwidth.php","meta":{"footnotes":""},"class_list":["post-467","page","type-page","status-publish","has-post-thumbnail","hentry"],"_links":{"self":[{"href":"https:\/\/7theword.org\/en\/wp-json\/wp\/v2\/pages\/467","targetHints":{"allow":["GET"]}}],"collection":[{"href":"https:\/\/7theword.org\/en\/wp-json\/wp\/v2\/pages"}],"about":[{"href":"https:\/\/7theword.org\/en\/wp-json\/wp\/v2\/types\/page"}],"author":[{"embeddable":true,"href":"https:\/\/7theword.org\/en\/wp-json\/wp\/v2\/users\/1"}],"replies":[{"embeddable":true,"href":"https:\/\/7theword.org\/en\/wp-json\/wp\/v2\/comments?post=467"}],"version-history":[{"count":54,"href":"https:\/\/7theword.org\/en\/wp-json\/wp\/v2\/pages\/467\/revisions"}],"predecessor-version":[{"id":1025,"href":"https:\/\/7theword.org\/en\/wp-json\/wp\/v2\/pages\/467\/revisions\/1025"}],"up":[{"embeddable":true,"href":"https:\/\/7theword.org\/en\/wp-json\/wp\/v2\/pages\/57"}],"wp:featuredmedia":[{"embeddable":true,"href":"https:\/\/7theword.org\/en\/wp-json\/wp\/v2\/media\/468"}],"wp:attachment":[{"href":"https:\/\/7theword.org\/en\/wp-json\/wp\/v2\/media?parent=467"}],"curies":[{"name":"wp","href":"https:\/\/api.w.org\/{rel}","templated":true}]}}