{"id":452,"date":"2023-10-17T21:26:36","date_gmt":"2023-10-17T21:26:36","guid":{"rendered":"https:\/\/7theword.org\/?page_id=452"},"modified":"2025-06-30T23:16:33","modified_gmt":"2025-06-30T23:16:33","slug":"escuela-biblica","status":"publish","type":"page","link":"https:\/\/7theword.org\/en\/home\/escuela-biblica\/","title":{"rendered":"Bible School"},"content":{"rendered":"<section class=\"wpb-content-wrapper\"><section class=\"wpb_row vc_row-fluid\"><div class=\"container\"><div class=\"row\"><div class=\"wpb_column vc_column_container vc_col-sm-12\"><div class=\"vc_column-inner\"  ><div class=\"wpb_wrapper\"><h2 style=\"text-align: center\" class=\"vc_custom_heading\" >Bible School<\/h2><\/div><\/div><\/div><\/div><\/div><\/section><section class=\"wpb_row vc_row-fluid\"><div class=\"container\"><div class=\"row\"><div class=\"wpb_column vc_column_container vc_col-sm-6\"><div class=\"vc_column-inner\"  ><div class=\"wpb_wrapper\"><div class=\"vc_empty_space\"   style=\"height: 75px\"><span class=\"vc_empty_space_inner\"><\/span><\/div><h1 style=\"text-align: center\" class=\"vc_custom_heading\" >The Faith of Jesus<\/h1>\n\t<div class=\"wpb_text_column wpb_content_element\" >\n\t\t<div class=\"wpb_wrapper\">\n\t\t\t<h4>Discover the truth about eternal life with this marvelous set of Study Guides of the Bible. You\ncan download yours for free!<\/h4>\n<h4>Contact our school at jc@7theword.org or our mail address to request additional material, it\nwould be a pleasure to send it to you completely free of charge.<\/h4>\n<p>&nbsp;<\/p>\n<h4>The Word Ministries<\/h4>\n<h4>PO Box 1231 Oregon City,<\/h4>\n<h4>OR US 97045<\/h4>\n\n\t\t<\/div>\n\t<\/div>\n<div class=\"vc_row wpb_row vc_inner vc_row-fluid\"><div class=\"wpb_column vc_column_container vc_col-sm-6\"><div class=\"vc_column-inner\"><div class=\"wpb_wrapper\">\t\n\t\t\t<a class=\"st-btn\" href=\"https:\/\/7theword.org\/wp-content\/uploads\/2023\/10\/The-Faith-oh-Jesus.pdf\" title=\"English Download\" target=\"_self\">English Download<\/a>\t<\/div><\/div><\/div><div class=\"wpb_column vc_column_container vc_col-sm-6\"><div class=\"vc_column-inner\"><div class=\"wpb_wrapper\">\t\n\t\t\t<a class=\"st-btn\" href=\"https:\/\/7theword.org\/wp-content\/uploads\/2023\/10\/Fe-de-Jesus.pdf\" title=\"Download Spanish\" target=\"_blank\">Download Spanish<\/a>\t<\/div><\/div><\/div><\/div><\/div><\/div><\/div><div class=\"wpb_column vc_column_container vc_col-sm-6\"><div class=\"vc_column-inner\"  ><div class=\"wpb_wrapper\">\n\t<div  class=\"wpb_single_image wpb_content_element vc_align_left\">\n\t\t\n\t\t<figure class=\"wpb_wrapper vc_figure\">\n\t\t\t<div class=\"vc_single_image-wrapper   vc_box_border_grey\"><img loading=\"lazy\" decoding=\"async\" width=\"1024\" height=\"1024\" src=\"https:\/\/7theword.org\/wp-content\/uploads\/2024\/01\/111.png\" class=\"vc_single_image-img attachment-full\" alt=\"\" title=\"111\" srcset=\"https:\/\/7theword.org\/wp-content\/uploads\/2024\/01\/111.png 1024w, https:\/\/7theword.org\/wp-content\/uploads\/2024\/01\/111-300x300.png 300w, https:\/\/7theword.org\/wp-content\/uploads\/2024\/01\/111-100x100.png 100w, https:\/\/7theword.org\/wp-content\/uploads\/2024\/01\/111-600x600.png 600w, https:\/\/7theword.org\/wp-content\/uploads\/2024\/01\/111-150x150.png 150w, https:\/\/7theword.org\/wp-content\/uploads\/2024\/01\/111-768x768.png 768w, https:\/\/7theword.org\/wp-content\/uploads\/2024\/01\/111-400x400.png 400w\" sizes=\"auto, (max-width: 1024px) 100vw, 1024px\" \/><\/div>\n\t\t<\/figure>\n\t<\/div>\n<\/div><\/div><\/div><\/div><\/div><\/section>\n<\/section>","protected":false},"excerpt":{"rendered":"Escuela B\u00edblicaLa Fe de Jes\u00fas Descubre la verdad acerca de la vida eterna con este maravilloso set de Gu\u00edas de Estudio de la Biblia. Puedes descargar el tuyo gratis. Cont\u00e1ctanos [...]","protected":false},"author":1,"featured_media":461,"parent":57,"menu_order":0,"comment_status":"closed","ping_status":"closed","template":"page-templates\/template-fullwidth.php","meta":{"footnotes":""},"class_list":["post-452","page","type-page","status-publish","has-post-thumbnail","hentry"],"_links":{"self":[{"href":"https:\/\/7theword.org\/en\/wp-json\/wp\/v2\/pages\/452","targetHints":{"allow":["GET"]}}],"collection":[{"href":"https:\/\/7theword.org\/en\/wp-json\/wp\/v2\/pages"}],"about":[{"href":"https:\/\/7theword.org\/en\/wp-json\/wp\/v2\/types\/page"}],"author":[{"embeddable":true,"href":"https:\/\/7theword.org\/en\/wp-json\/wp\/v2\/users\/1"}],"replies":[{"embeddable":true,"href":"https:\/\/7theword.org\/en\/wp-json\/wp\/v2\/comments?post=452"}],"version-history":[{"count":21,"href":"https:\/\/7theword.org\/en\/wp-json\/wp\/v2\/pages\/452\/revisions"}],"predecessor-version":[{"id":860,"href":"https:\/\/7theword.org\/en\/wp-json\/wp\/v2\/pages\/452\/revisions\/860"}],"up":[{"embeddable":true,"href":"https:\/\/7theword.org\/en\/wp-json\/wp\/v2\/pages\/57"}],"wp:featuredmedia":[{"embeddable":true,"href":"https:\/\/7theword.org\/en\/wp-json\/wp\/v2\/media\/461"}],"wp:attachment":[{"href":"https:\/\/7theword.org\/en\/wp-json\/wp\/v2\/media?parent=452"}],"curies":[{"name":"wp","href":"https:\/\/api.w.org\/{rel}","templated":true}]}}